{"id":443,"date":"2020-08-26T10:28:58","date_gmt":"2020-08-26T10:28:58","guid":{"rendered":"http:\/\/staging.renovatio.de\/?page_id=443"},"modified":"2020-09-08T11:55:56","modified_gmt":"2020-09-08T11:55:56","slug":"produkte","status":"publish","type":"page","link":"http:\/\/staging.renovatio.de\/en\/produkte","title":{"rendered":"Produkte"},"content":{"rendered":"<h1 >\t\tRenovatio\n\t\tUnsere Produkte\n\t\t<\/h1>\n\t<h2>\n\t\t\t\tLassen Sie es sich gutgehen! \n\t\t\t<\/h2>\n\t<p>In unseren Filialen finden Sie eine gro\u00dfe Auswahl an Produkten. Besuchen Sie uns. Gerne beraten wir Sie pers\u00f6nlich und nehmen uns Zeit, um f\u00fcr Sie das passende Produkt auszuw\u00e4hlen. In unseren Sanit\u00e4tsh\u00e4usern sind viele Produkte direkt vor Ort verf\u00fcgbar. Wir freuen uns \u00fcber Ihren Besuch. Bei Fragen zu unseren Produkten k\u00f6nnen Sie uns auch gerne anrufen.<\/p>\n\t<h2>\n\t\t\t\tUnsere Produkte und Themen\n\t\t\t<\/h2>\n\t<ul>\n\t\t<li>\t\t\t\t\n\t\t<h3>Orthop\u00e4die und Mobilit\u00e4t          <\/h3><\/li>\t<\/ul>\n\t\t\t\t<img src=\"http:\/\/staging.renovatio.de\/wp-content\/uploads\/2020\/08\/Ortopadie.jpg\" alt=\"Ortopadie\">\n\t\t\t<p>Bandagen<br \/>Bequemschuhe<br \/>Prothesen&#8230;<\/p>\n\t\t<a href=\"http:\/\/staging.renovatio.de\/en\/orthopaedie-und-mobilitaet\" target=\"_self\" rel=\"noopener noreferrer\"><\/a>\n\t<ul>\n\t\t<li>\t\t\t\t\n\t\t<h3>Feminine Erkrankungen<\/h3><\/li>\t<\/ul>\n\t\t\t\t<img src=\"http:\/\/staging.renovatio.de\/wp-content\/uploads\/2020\/08\/Feminine-Erkrankungen.jpg\" alt=\"Feminine Erkrankungen\">\n\t\t\t<p>Bademode f\u00fcr MamaCa Betroffene&#8230;<\/p>\n\t\t<a href=\"http:\/\/staging.renovatio.de\/en\/frau-und-aesthetik\" target=\"_self\" rel=\"noopener noreferrer\"><\/a>\n\t<ul>\n\t\t<li>\t\t\t\t\n\t\t<h3>Diabetes &#038; Hilfen<\/h3><\/li>\t<\/ul>\n\t\t\t\t<img src=\"http:\/\/staging.renovatio.de\/wp-content\/uploads\/2020\/08\/Diabetes.jpg\" alt=\"Diabetes\">\n\t\t\t<p>Bequemschuhe<br \/>Diabetische Schuhe<br \/>EQ LIFE Dia Einlagen&#8230;<\/p>\n\t\t<a href=\"http:\/\/staging.renovatio.de\/en\/diabetes\" target=\"_self\" rel=\"noopener noreferrer\"><\/a>\n\t<ul>\n\t\t<li>\t\t\t\t\n\t\t<h3>Sportverletzungen<\/h3><\/li>\t<\/ul>\n\t\t\t\t<img src=\"http:\/\/staging.renovatio.de\/wp-content\/uploads\/2020\/08\/Sportverletzungen-1.jpg\" alt=\"Sportverletzungen-1\">\n\t\t\t<p>Bandagen<br \/>Einlagen<br \/>Orthesen&#8230;<\/p>\n\t\t<a href=\"http:\/\/staging.renovatio.de\/en\/sport-und-praevention\" target=\"_self\" rel=\"noopener noreferrer\"><\/a>\n\t<ul>\n\t\t<li>\t\t\t\t\n\t\t<h3>Gef\u00e4\u00dferkrankungen <\/h3><\/li>\t<\/ul>\n\t\t\t\t<img src=\"http:\/\/staging.renovatio.de\/wp-content\/uploads\/2020\/08\/Gefaesse.jpg\" alt=\"Gef\u00e4sse\">\n\t\t\t<p>Anziehhilfen f\u00fcr Kompressionsstr\u00fcmpfe&#8230;\u00a0<\/p>\n\t\t<a href=\"http:\/\/staging.renovatio.de\/en\/gefaesse\" target=\"_self\" rel=\"noopener noreferrer\"><\/a>\n\t<ul>\n\t\t<li>\t\t\t\t\n\t\t<h3>Neurologie<\/h3><\/li>\t<\/ul>\n\t\t\t\t<img src=\"http:\/\/staging.renovatio.de\/wp-content\/uploads\/2020\/08\/Neurologie.jpg\" alt=\"Neurologie\">\n\t\t\t<h5>Funktionsorthesen<br \/>Handgelenkorthesen<br \/>Orthesen&#8230;<\/h5>\n\t\t<a href=\"http:\/\/staging.renovatio.de\/en\/neurologie\" target=\"_self\" rel=\"noopener noreferrer\"><\/a>\n\t<ul>\n\t\t<li>\t\t\t\t\n\t\t<h3>Schwangerschaft &#038; Geburt<\/h3><\/li>\t<\/ul>\n\t\t\t\t<img src=\"http:\/\/staging.renovatio.de\/wp-content\/uploads\/2020\/08\/Schwangerschaft.jpg\" alt=\"Schwangerschaft\">\n\t\t\t<p>Bademode<br \/>Dessous<br \/>Einlagen&#8230;<\/p>\n\t\t<a href=\"http:\/\/staging.renovatio.de\/en\/schwangerschaft\" target=\"_self\" rel=\"noopener noreferrer\"><\/a>\n\t<ul>\n\t\t<li>\t\t\t\t\n\t\t<h3>Kinderbeschwerden<\/h3><\/li>\t<\/ul>\n\t\t\t\t<img src=\"http:\/\/staging.renovatio.de\/wp-content\/uploads\/2020\/08\/Kinderbeschwerden.jpg\" alt=\"Kinderbeschwerden\">\n\t\t\t<h5>Bandagen<br \/>EQ KIDS Einlagen<br \/>EQ LIFE Senso Einlagen&#8230;<\/h5>\n\t\t<a href=\"http:\/\/staging.renovatio.de\/en\/kinder\" target=\"_self\" rel=\"noopener noreferrer\"><\/a>\n\t<ul>\n\t\t<li>\t\t\t\t\n\t\t<h3>Reha und Pflege<\/h3><\/li>\t<\/ul>\n\t\t\t\t<img src=\"http:\/\/staging.renovatio.de\/wp-content\/uploads\/2020\/08\/Rollatoren.jpg\" alt=\"Rollatoren\">\n\t\t\t<h5>Pflegebetten<br \/>Rollatoren<br \/>Rollst\u00fchle&#8230;<\/h5>\n\t\t<a href=\"http:\/\/staging.renovatio.de\/en\/reha-und-pflege\" target=\"_self\" rel=\"noopener noreferrer\"><\/a>\n\t<h2>\n\t\t\t\tUnsere Standorte\n\t\t\t<\/h2>\n\t\t\t<a href=\"http:\/\/staging.renovatio.de\/en\/filiale-rudolfstrasse-10-e-41068-moenchengladbach\" target=\"_self\" rel=\"noopener noreferrer\">\n\t\t\t\t<img src=\"http:\/\/staging.renovatio.de\/wp-content\/uploads\/2020\/08\/IMG_1103-1-scaled.jpg\" alt=\"IMG_1103\" \/>\n\tRudolfstra\u00dfe 10E, 41058 M\u00f6chengladbach\n\t\t<h4><\/h4>\n\t\t<\/a>\n\t\t\t<a href=\"http:\/\/staging.renovatio.de\/en\/filiale-dahlener-str-69-77-41239-mg-rheydt\" target=\"_self\" rel=\"noopener noreferrer\">\n\t\t\t\t<img src=\"http:\/\/staging.renovatio.de\/wp-content\/uploads\/2020\/08\/IMG_1111-scaled.jpg\" alt=\"IMG_1111\" \/>\n\tDahlener Str. 69-77, 41239 MG-Rheydt im Medicentrum\n\t\t<h4><\/h4>\n\t\t<\/a>\n\t\t\t<a href=\"http:\/\/staging.renovatio.de\/en\/filiale-rathenaustr-9-41061-moenchengladbach\" target=\"_self\" rel=\"noopener noreferrer\">\n\t\t\t\t<img src=\"http:\/\/staging.renovatio.de\/wp-content\/uploads\/2020\/08\/IMG_1159-scaled.jpg\" alt=\"IMG_1159\" \/>\n\tRathenaustr. 9, 41061 M\u00f6chengladbach\n\t\t<h4><\/h4>\n\t\t<\/a>\n\t\t\t<a href=\"http:\/\/staging.renovatio.de\/en\/filiale-luettelforster-str-2-41366-schwalmtal\" target=\"_self\" rel=\"noopener noreferrer\">\n\t\t\t\t<img src=\"http:\/\/staging.renovatio.de\/wp-content\/uploads\/2020\/08\/IMG_1139-scaled.jpg\" alt=\"IMG_1139\" \/>\n\tL\u00fcttelforster Str. 2, 41366 Schwalmtal Kreis Viersen\n\t\t<h4><\/h4>\n\t\t<\/a>\n\t\t\t<a href=\"http:\/\/staging.renovatio.de\/en\/filiale-stresemannstr-82-84-moenchengladbach\" target=\"_self\" rel=\"noopener noreferrer\">\n\t\t\t\t<img src=\"http:\/\/staging.renovatio.de\/wp-content\/uploads\/2020\/08\/IMG_1123-scaled.jpg\" alt=\"IMG_1123\" \/>\n\tStresemannstr. 82-84 , 41236 MG-Rheydt\n\t\t<h4><\/h4>\n\t\t<\/a>\n\t\t\t<a href=\"http:\/\/staging.renovatio.de\/en\/filiale-suedwall-2-4-47798-krefeld\" target=\"_self\" rel=\"noopener noreferrer\">\n\t\t\t\t<img src=\"http:\/\/staging.renovatio.de\/wp-content\/uploads\/2020\/08\/IMG_1145-scaled.jpg\" alt=\"IMG_1145\" \/>\n\tS\u00fcdwall 2-4, 47798 Krefeld\n\t\t<h4><\/h4>\n\t\t<\/a>\n\t<h2>\n\t\t\t\tNews\n\t\t\t<\/h2>\n\t<h2>\n\t\t\t\tMehr \u00fcber Renovatio\n\t\t\t<\/h2>\n\t<ul>\n\t\t<li>\t\t\t\t\n\t\t<h3><a href=\"http:\/\/staging.renovatio.de\/en\/spitzensport\" target=\"_self\" rel=\"noopener noreferrer\">\u00dcber Renovatio<\/a><\/h3><\/li><li>\t\t\t\t\n\t\t<h3><a href=\"http:\/\/staging.renovatio.de\/en\/standorte\" target=\"_self\" rel=\"noopener noreferrer\">Unsere Standorte<\/a><\/h3><\/li>\t<\/ul>\n\t<ul>\n\t\t<li>\t\t\t\t\n\t\t<h3><a href=\"http:\/\/staging.renovatio.de\/en\/produkte\" target=\"_self\" rel=\"noopener noreferrer\">Unsere Produkte<\/a><\/h3><\/li><li>\t\t\t\t\n\t\t<h3><a href=\"http:\/\/staging.renovatio.de\/en\/unsere-serviceangebote\" target=\"_self\" rel=\"noopener noreferrer\">Unsere Services<\/a><\/h3><\/li>\t<\/ul>\n\t<ul>\n\t\t<li>\t\t\t\t\n\t\t<h3><a href=\"http:\/\/staging.renovatio.de\/en\/news\" target=\"_self\" rel=\"noopener noreferrer\">Unsere News<\/a><\/h3><\/li><li>\t\t\t\t\n\t\t<h3><a href=\"http:\/\/staging.renovatio.de\/en\/kontakt\" target=\"_self\" rel=\"noopener noreferrer\">Kontakt<\/a><\/h3><\/li>\t<\/ul>","protected":false},"excerpt":{"rendered":"<p>Let Me Help You Overshoot Your Goals in the Right Ways.\u200b Proin Gravida Nibh Vel Velit Auctor Aliquet Aenean Sollicitudin, Lorem Quis Bibendum. Start Now Read More As Featured In:\u200b What I do\u200b Proin gravida nibh vel velit auctor aliquet aenean sollicitudin, lorem quis bibendum auctor nisi elit consequat ipsum. I Coach Lorem ipsum dolor &hellip;<\/p>\n<p class=\"read-more\"> <a class=\"\" href=\"https:\/\/websitedemos.net\/motivational-speaker-03\/\"> <span class=\"screen-reader-text\">Home<\/span> Read More &raquo;<\/a><\/p>","protected":false},"author":1,"featured_media":0,"parent":0,"menu_order":0,"comment_status":"closed","ping_status":"closed","template":"","meta":[],"yoast_head":"<!-- This site is optimized with the Yoast SEO plugin v14.9 - https:\/\/yoast.com\/wordpress\/plugins\/seo\/ -->\n<title>Produkte - Renovatio<\/title>\n<meta name=\"robots\" content=\"index, follow, max-snippet:-1, max-image-preview:large, max-video-preview:-1\" \/>\n<link rel=\"canonical\" href=\"http:\/\/staging.renovatio.de\/en\/produkte\" \/>\n<meta property=\"og:locale\" content=\"en_GB\" \/>\n<meta property=\"og:type\" content=\"article\" \/>\n<meta property=\"og:title\" content=\"Produkte - Renovatio\" \/>\n<meta property=\"og:description\" content=\"Let Me Help You Overshoot Your Goals in the Right Ways.\u200b Proin Gravida Nibh Vel Velit Auctor Aliquet Aenean Sollicitudin, Lorem Quis Bibendum. Start Now Read More As Featured In:\u200b What I do\u200b Proin gravida nibh vel velit auctor aliquet aenean sollicitudin, lorem quis bibendum auctor nisi elit consequat ipsum. I Coach Lorem ipsum dolor &hellip;  Home Read More &raquo;\" \/>\n<meta property=\"og:url\" content=\"http:\/\/staging.renovatio.de\/en\/produkte\" \/>\n<meta property=\"og:site_name\" content=\"Renovatio\" \/>\n<meta property=\"article:modified_time\" content=\"2020-09-08T11:55:56+00:00\" \/>\n<meta property=\"og:image\" content=\"http:\/\/staging.renovatio.de\/wp-content\/uploads\/2020\/08\/Ortopadie.jpg\" \/>\n<meta name=\"twitter:card\" content=\"summary_large_image\" \/>\n<script type=\"application\/ld+json\" class=\"yoast-schema-graph\">{\"@context\":\"https:\/\/schema.org\",\"@graph\":[{\"@type\":\"Organization\",\"@id\":\"http:\/\/staging.renovatio.de\/en\/#organization\",\"name\":\"Sanit\\u00e4tshaus Renovation GmbH\",\"url\":\"http:\/\/staging.renovatio.de\/en\/\",\"sameAs\":[],\"logo\":{\"@type\":\"ImageObject\",\"@id\":\"http:\/\/staging.renovatio.de\/en\/#logo\",\"inLanguage\":\"en-GB\",\"url\":\"http:\/\/staging.renovatio.de\/wp-content\/uploads\/2020\/08\/logo_renovatio.png\",\"width\":517,\"height\":272,\"caption\":\"Sanit\\u00e4tshaus Renovation GmbH\"},\"image\":{\"@id\":\"http:\/\/staging.renovatio.de\/en\/#logo\"}},{\"@type\":\"WebSite\",\"@id\":\"http:\/\/staging.renovatio.de\/en\/#website\",\"url\":\"http:\/\/staging.renovatio.de\/en\/\",\"name\":\"Renovatio\",\"description\":\"Sanit\\u00e4tshaus in M\\u00f6nchengladbach\",\"publisher\":{\"@id\":\"http:\/\/staging.renovatio.de\/en\/#organization\"},\"potentialAction\":[{\"@type\":\"SearchAction\",\"target\":\"http:\/\/staging.renovatio.de\/en\/?s={search_term_string}\",\"query-input\":\"required name=search_term_string\"}],\"inLanguage\":\"en-GB\"},{\"@type\":\"ImageObject\",\"@id\":\"http:\/\/staging.renovatio.de\/produkte#primaryimage\",\"inLanguage\":\"en-GB\",\"url\":\"http:\/\/staging.renovatio.de\/wp-content\/uploads\/2020\/08\/Ortopadie.jpg\",\"width\":666,\"height\":240},{\"@type\":\"WebPage\",\"@id\":\"http:\/\/staging.renovatio.de\/produkte#webpage\",\"url\":\"http:\/\/staging.renovatio.de\/produkte\",\"name\":\"Produkte - Renovatio\",\"isPartOf\":{\"@id\":\"http:\/\/staging.renovatio.de\/en\/#website\"},\"primaryImageOfPage\":{\"@id\":\"http:\/\/staging.renovatio.de\/produkte#primaryimage\"},\"datePublished\":\"2020-08-26T10:28:58+00:00\",\"dateModified\":\"2020-09-08T11:55:56+00:00\",\"inLanguage\":\"en-GB\",\"potentialAction\":[{\"@type\":\"ReadAction\",\"target\":[\"http:\/\/staging.renovatio.de\/produkte\"]}]}]}<\/script>\n<!-- \/ Yoast SEO plugin. -->","_links":{"self":[{"href":"http:\/\/staging.renovatio.de\/en\/wp-json\/wp\/v2\/pages\/443"}],"collection":[{"href":"http:\/\/staging.renovatio.de\/en\/wp-json\/wp\/v2\/pages"}],"about":[{"href":"http:\/\/staging.renovatio.de\/en\/wp-json\/wp\/v2\/types\/page"}],"author":[{"embeddable":true,"href":"http:\/\/staging.renovatio.de\/en\/wp-json\/wp\/v2\/users\/1"}],"replies":[{"embeddable":true,"href":"http:\/\/staging.renovatio.de\/en\/wp-json\/wp\/v2\/comments?post=443"}],"version-history":[{"count":29,"href":"http:\/\/staging.renovatio.de\/en\/wp-json\/wp\/v2\/pages\/443\/revisions"}],"predecessor-version":[{"id":1489,"href":"http:\/\/staging.renovatio.de\/en\/wp-json\/wp\/v2\/pages\/443\/revisions\/1489"}],"wp:attachment":[{"href":"http:\/\/staging.renovatio.de\/en\/wp-json\/wp\/v2\/media?parent=443"}],"curies":[{"name":"wp","href":"https:\/\/api.w.org\/{rel}","templated":true}]}}