{"id":30,"date":"2020-08-23T12:17:24","date_gmt":"2020-08-23T12:17:24","guid":{"rendered":"http:\/\/staging.renovatio.de\/?page_id=30"},"modified":"2020-09-08T11:31:33","modified_gmt":"2020-09-08T11:31:33","slug":"home-2","status":"publish","type":"page","link":"http:\/\/staging.renovatio.de\/fr\/","title":{"rendered":"Home"},"content":{"rendered":"<h1 >\t\tSanit\u00e4tshaus\n\t\tRenovatio\n\t\t<\/h1>\n\t<h2>\n\t\t\t\tKompetenz und Innovation f\u00fcr Ihre Gesundheit\n\t\t\t<\/h2>\nDas Team vom Sanit\u00e4tshaus <mark data-entity-key=\"51\" data-offset-key=\"aue9v-1-0\" data-highlight-entity-key=\"51\">Renovatio<\/mark> hei\u00dft Sie herzlich willkommen auf unserer Onlinepr\u00e4senz sowie in unseren sechs Filialen in M\u00f6nchengladbach, Rheydt, Schwalmtal <mark data-entity-key=\"52\" data-offset-key=\"aue9v-3-0\" data-highlight-entity-key=\"52\">(Kreis Viersen)<\/mark> und in Krefeld. Wir sind f\u00fcr Sie da und sollte ein Besuch in unseren Filialen f\u00fcr Sie nicht m\u00f6glich sein, so besuchen wir Sie gerne bei Ihnen zuhause. Wir bieten Ihnen alle Aufgaben eines Sanit\u00e4tshauses aus einer Hand.\n\u00a0\nOb <mark data-entity-key=\"53\" data-offset-key=\"9ht03-1-0\" data-highlight-entity-key=\"53\">Reha &amp;<\/mark> Pflegemittel, <mark data-entity-key=\"54\" data-offset-key=\"9ht03-3-0\" data-highlight-entity-key=\"54\">3D-Scan<\/mark> Technik, Prothesen, Orthesen, neurologische Erkrankungen, Fu\u00dforthop\u00e4die, Brustzentrum, Kompressionszentrum oder Bandagen zeigen nur einige Gebiete unserer t\u00e4glichen Arbeit. Wir freuen uns, Sie begr\u00fc\u00dfen zu d\u00fcrfen. \n<h2>\n\t\tCovid 19: Hinweis zur aktuellen Situation\n\t<\/h2>\n\t<p><b>Liebe Kunden,\u00a0<\/b><\/p>\n<p><b>Corona hat uns weiterhin fest im Griff. Unsere Mitarbeiter sind sensibilisiert und in unseren Filialen haben wir alle notwendigen Vorkehrung getroffen, um Sie bestm\u00f6glich und angemessen zu versorgen. Der Schutz Ihrer und unserer Gesundheit hat dabei jedoch h\u00f6chste Priorit\u00e4t.\u00a0<\/b><\/p>\n<p><b>Sie haben eine \u00e4rztliche Verordnung oder ben\u00f6tigen dringend Hilfsmittel, d\u00fcrfen Ihr Haus oder Ihre Wohnung derzeit aber nicht verlassen? Dann rufen Sie uns an. Wir kommen gerne f\u00fcr eine Versorgung zu Ihnen nach Hause &#8211; nat\u00fcrlich unter Beachtung aller Hygiene- und Sicherheitsvorkehrungen. Telefon: 02161-636440<\/b><\/p>\n<p><b>Hinweis: Nicht aufschiebbare (Erst-) Versorgungen k\u00f6nnen im Ermessen des Leistungserbringers auch ohne Vorliegen einer vertrags\u00e4rztlichen Verordnung begonnen werden.\u00a0<\/b><\/p>\n\t<h2>\n\t\t\t\tIhr Partner f\u00fcr medizinische Produke\n\t\t\t<\/h2>\n\t<ul>\n\t\t<li>\t\t\t\t\n\t\t<h3>MEDIZINISCHES FACHPERSONAL<\/h3><\/li><li>\t\t\t\t\n\t\t<h3>ERFAHRUNG IM SPITZENSPORT<\/h3><\/li><li>\t\t\t\t\n\t\t<h3>INNOVATIVE DIAGNOSTIK UND VERMESSUNG<\/h3><\/li><li>\t\t\t\t\n\t\t<h3>MODERNE PRODUKTE<\/h3><\/li><li>\t\t\t\t\n\t\t<h3>KUNDENORIENTIERTER KOMPLETTSERVICE<\/h3><\/li>\t<\/ul>\n\t<h2>\n\t\t\t\tUnsere Produkte und Themen\n\t\t\t<\/h2>\n\t<ul>\n\t\t<li>\t\t\t\t\n\t\t<h3>Orthop\u00e4die und Mobilit\u00e4t<\/h3><\/li>\t<\/ul>\n\t\t\t\t<img src=\"http:\/\/staging.renovatio.de\/wp-content\/uploads\/2020\/08\/Ortopadie.jpg\" alt=\"Ortopadie\">\n\t\t\t<p>Bandagen<br \/>Bequemschuhe<br \/>Prothesen&#8230;<\/p>\n\t\t<a href=\"http:\/\/staging.renovatio.de\/fr\/orthopaedie-und-mobilitaet\" target=\"_self\" rel=\"noopener noreferrer\"><\/a>\n\t<ul>\n\t\t<li>\t\t\t\t\n\t\t<h3>Frau und \u00c4sthetik<\/h3><\/li>\t<\/ul>\n\t\t\t\t<img src=\"http:\/\/staging.renovatio.de\/wp-content\/uploads\/2020\/08\/Feminine-Erkrankungen.jpg\" alt=\"Feminine Erkrankungen\">\n\t\t\t<p>Bademode f\u00fcr MamaCa Betroffene&#8230;<\/p>\n\t\t<a href=\"http:\/\/staging.renovatio.de\/fr\/frau-und-aesthetik\" target=\"_self\" rel=\"noopener noreferrer\"><\/a>\n\t<ul>\n\t\t<li>\t\t\t\t\n\t\t<h3>Diabetes<\/h3><\/li>\t<\/ul>\n\t\t\t\t<img src=\"http:\/\/staging.renovatio.de\/wp-content\/uploads\/2020\/08\/Diabetes.jpg\" alt=\"Diabetes\">\n\t\t\t<p>Bequemschuhe<br \/>Diabetische Schuhe<br \/>EQ LIFE Dia Einlagen&#8230;<\/p>\n\t\t<a href=\"http:\/\/staging.renovatio.de\/fr\/diabetes\" target=\"_self\" rel=\"noopener noreferrer\"><\/a>\n\t<ul>\n\t\t<li>\t\t\t\t\n\t\t<h3>Sport und Pr\u00e4vention<\/h3><\/li>\t<\/ul>\n\t\t\t\t<img src=\"http:\/\/staging.renovatio.de\/wp-content\/uploads\/2020\/08\/Sportverletzungen-1.jpg\" alt=\"Sportverletzungen-1\">\n\t\t\t<p>Bandagen<br \/>Einlagen<br \/>Orthesen&#8230;<\/p>\n\t\t<a href=\"http:\/\/staging.renovatio.de\/fr\/sport-und-praevention\" target=\"_self\" rel=\"noopener noreferrer\"><\/a>\n\t<ul>\n\t\t<li>\t\t\t\t\n\t\t<h3>Gef\u00e4\u00dfe<\/h3><\/li>\t<\/ul>\n\t\t\t\t<img src=\"http:\/\/staging.renovatio.de\/wp-content\/uploads\/2020\/08\/Gefaesse.jpg\" alt=\"Gef\u00e4sse\">\n\t\t\t<p>Anziehhilfen f\u00fcr Kompressionsstr\u00fcmpfe&#8230;\u00a0<\/p>\n\t\t<a href=\"http:\/\/staging.renovatio.de\/fr\/gefaesse\" target=\"_self\" rel=\"noopener noreferrer\"><\/a>\n\t<ul>\n\t\t<li>\t\t\t\t\n\t\t<h3>Neurologie<\/h3><\/li>\t<\/ul>\n\t\t\t\t<img src=\"http:\/\/staging.renovatio.de\/wp-content\/uploads\/2020\/08\/Neurologie.jpg\" alt=\"Neurologie\">\n\t\t\t<h5>Funktionsorthesen<br \/>Handgelenkorthesen<br \/>Orthesen&#8230;<\/h5>\n\t\t<a href=\"http:\/\/staging.renovatio.de\/fr\/neurologie\" target=\"_self\" rel=\"noopener noreferrer\"><\/a>\n\t<ul>\n\t\t<li>\t\t\t\t\n\t\t<h3>Schwangerschaft<\/h3><\/li>\t<\/ul>\n\t\t\t\t<img src=\"http:\/\/staging.renovatio.de\/wp-content\/uploads\/2020\/08\/Schwangerschaft.jpg\" alt=\"Schwangerschaft\">\n\t\t\t<p>Bademode<br \/>Dessous<br \/>Einlagen&#8230;<\/p>\n\t\t<a href=\"http:\/\/staging.renovatio.de\/fr\/schwangerschaft\" target=\"_self\" rel=\"noopener noreferrer\"><\/a>\n\t<ul>\n\t\t<li>\t\t\t\t\n\t\t<h3>Kinder<\/h3><\/li>\t<\/ul>\n\t\t\t\t<img src=\"http:\/\/staging.renovatio.de\/wp-content\/uploads\/2020\/08\/Kinderbeschwerden.jpg\" alt=\"Kinderbeschwerden\">\n\t\t\t<h5>Bandagen<br \/>EQ KIDS Einlagen<br \/>EQ LIFE Senso Einlagen&#8230;<\/h5>\n\t\t<a href=\"http:\/\/staging.renovatio.de\/fr\/kinder\" target=\"_self\" rel=\"noopener noreferrer\"><\/a>\n\t<ul>\n\t\t<li>\t\t\t\t\n\t\t<h3>Reha und Pflege<\/h3><\/li>\t<\/ul>\n\t\t\t\t<img src=\"http:\/\/staging.renovatio.de\/wp-content\/uploads\/2020\/08\/Rollatoren.jpg\" alt=\"Rollatoren\">\n\t\t\t<h5>Pflegebetten<br \/>Rollatoren<br \/>Rollst\u00fchle&#8230;<\/h5>\n\t\t<a href=\"http:\/\/staging.renovatio.de\/fr\/reha-und-pflege\" target=\"_self\" rel=\"noopener noreferrer\"><\/a>\n\t<h2>\n\t\t\t\tUnsere Serviceleistungen\n\t\t\t<\/h2>\n\t<ul>\n\t\t<li>\t\t\t\t\n\t\t<h3>3D Vemessung mit Bodytronic 600<\/h3><\/li>\t<\/ul>\n\t\t\t\t<img src=\"http:\/\/staging.renovatio.de\/wp-content\/uploads\/2020\/09\/3D-Vermessung.jpg\" alt=\"3D-Vermessung\">\n\t\t\t<p>3D Vermessung von den F\u00fc\u00dfen bis zur H\u00fcfte<\/p>\n\t\t<a href=\"http:\/\/staging.renovatio.de\/fr\/3d-vermessung\" target=\"_self\" rel=\"noopener noreferrer\"><\/a>\n\t<ul>\n\t\t<li>\t\t\t\t\n\t\t<h3>Kompressionstherapie<\/h3><\/li>\t<\/ul>\n\t\t\t\t<img src=\"http:\/\/staging.renovatio.de\/wp-content\/uploads\/2020\/09\/Kompression.jpg\" alt=\"Kompression\">\n\t\t\t<p>Lassen Sie sich von unseren Fachkr\u00e4ften beraten<\/p>\n\t\t<a href=\"http:\/\/staging.renovatio.de\/fr\/beratungszentrum-fuer-kompressionstherapie\" target=\"_self\" rel=\"noopener noreferrer\"><\/a>\n\t<ul>\n\t\t<li>\t\t\t\t\n\t\t<h3>Bewegungsanalyse<\/h3><\/li>\t<\/ul>\n\t\t\t\t<img src=\"http:\/\/staging.renovatio.de\/wp-content\/uploads\/2020\/09\/Bewegungsanalyse.jpg\" alt=\"Bewegungsanalyse\">\n\t\t\t<p>Perfekte Analyse Ihrer K\u00f6rperstatik\u00a0<\/p>\n\t\t<a href=\"http:\/\/staging.renovatio.de\/fr\/bewegungsnalyse-in-unserem-labor\" target=\"_self\" rel=\"noopener noreferrer\"><\/a>\n\t<ul>\n\t\t<li>\t\t\t\t\n\t\t<h3>Hausbesuche<\/h3><\/li>\t<\/ul>\n\t\t\t\t<img src=\"http:\/\/staging.renovatio.de\/wp-content\/uploads\/2020\/09\/Hausbesuche.jpg\" alt=\"Hausbesuche\">\n\t\t\t<p>Wir sind gerne auch vor Ort f\u00fcr Sie da<\/p>\n\t\t<a href=\"http:\/\/staging.renovatio.de\/fr\/hausbesuche\" target=\"_self\" rel=\"noopener noreferrer\"><\/a>\n\t<ul>\n\t\t<li>\t\t\t\t\n\t\t<h3>Eigene Meisterwerkstatt<\/h3><\/li>\t<\/ul>\n\t\t\t\t<img src=\"http:\/\/staging.renovatio.de\/wp-content\/uploads\/2020\/09\/Meisterwerkstatt.jpg\" alt=\"Meisterwerkstatt\">\n\t\t\t<p>Individuell f\u00fcr Sie gefertigt<\/p>\n\t\t<a href=\"http:\/\/staging.renovatio.de\/fr\/produktion-in-eigener-meisterwerkstatt\" target=\"_self\" rel=\"noopener noreferrer\"><\/a>\n\t<ul>\n\t\t<li>\t\t\t\t\n\t\t<h3>Beratungszentrum f\u00fcr Mamma Ca<\/h3><\/li>\t<\/ul>\n\t\t\t\t<img src=\"http:\/\/staging.renovatio.de\/wp-content\/uploads\/2020\/09\/mamma-ca.jpg\" alt=\"mamma-ca\">\n\t\t\t<p>Lassen Sie sich von unseren Fachkr\u00e4ften beraten<\/p>\n\t\t<a href=\"http:\/\/staging.renovatio.de\/fr\/beratungszentrum-fuer-mamma-ca\" target=\"_self\" rel=\"noopener noreferrer\"><\/a>\n\t<ul>\n\t\t<li>\t\t\t\t\n\t\t<h3>Schwangerschaft<\/h3><\/li>\t<\/ul>\n\t\t\t\t<img src=\"http:\/\/staging.renovatio.de\/wp-content\/uploads\/2020\/09\/Schwangerschaft.jpg\" alt=\"Schwangerschaft\">\n\t\t\t<p>Lassen Sie sich von unseren Fachkr\u00e4ften beraten<\/p>\n\t\t<a href=\"http:\/\/staging.renovatio.de\/fr\/beratungszentrum-fuer-schwangerschaft\" target=\"_self\" rel=\"noopener noreferrer\"><\/a>\n\t<ul>\n\t\t<li>\t\t\t\t\n\t\t<h3>Betriebliche Gesundheitsf\u00f6rderung<\/h3><\/li>\t<\/ul>\n\t\t\t\t<img src=\"http:\/\/staging.renovatio.de\/wp-content\/uploads\/2020\/09\/Betriebliche-Gesundheitsfoerderung.jpg\" alt=\"Betriebliche Gesundheitsf\u00f6rderung\">\n\t\t\t<p>Mehr Gesundheit am Arbeitsplatz<\/p>\n\t\t<a href=\"http:\/\/staging.renovatio.de\/fr\/betriebliche-gesundheitsfoerderung\" target=\"_self\" rel=\"noopener noreferrer\"><\/a>\n\t<ul>\n\t\t<li>\t\t\t\t\n\t\t<h3>Familienkarte<\/h3><\/li>\t<\/ul>\n\t\t\t\t<img src=\"http:\/\/staging.renovatio.de\/wp-content\/uploads\/2020\/09\/Familienkarte-1.jpg\" alt=\"Familienkarte\">\n\t\t\t<p>Rabatte bei uns und vielen anderen Einrichtungen<\/p>\n\t\t<a href=\"http:\/\/staging.renovatio.de\/fr\/rabatt-mit-der-familienkarte-moenchengladbach\" target=\"_self\" rel=\"noopener noreferrer\"><\/a>\n\t<ul>\n\t\t<li>\t\t\t\t\n\t\t<h3>Sensozentrum<\/h3><\/li>\t<\/ul>\n\t\t\t\t<img src=\"http:\/\/staging.renovatio.de\/wp-content\/uploads\/2020\/09\/Senso.jpg\" alt=\"Senso\">\n\t\t\t<p>F\u00fc\u00dfe spielen eine zentrale Rolle<\/p>\n\t\t<a href=\"http:\/\/staging.renovatio.de\/fr\/sensozentrum-mg-2\" target=\"_self\" rel=\"noopener noreferrer\"><\/a>\n\t<h2>\n\t\t\t\tSie haben Fragen? Wir freuen uns auf Ihren Anruf.\n\t\t\t<\/h2>\n\t\t<h3><a href=\"tel:+492161636440\">02161 636 440<\/a><\/h3>\t\t\t\n\t\t\t\t<p>Enter description text here.<\/p>\n\t<h2>\n\t\t\t\tUnsere Standorte\n\t\t\t<\/h2>\n\t\t\t\t<a href=\"http:\/\/staging.renovatio.de\/fr\/filiale-rudolfstrasse-10-e-41068-moenchengladbach\" target=\"_self\" itemprop=\"url\" rel=\"noopener noreferrer\">\n\t\t\t\t<img loading=\"lazy\" src=\"http:\/\/staging.renovatio.de\/wp-content\/uploads\/2020\/08\/karte_rudolfstrasse240.png\" alt=\"karte_rudolfstrasse240\" itemprop=\"image\" height=\"243\" width=\"240\" title=\"karte_rudolfstrasse240\" onerror=\"this.style.display='none'\"  \/>\n\t\t\t\t<\/a>\n\tRudolfstra\u00dfe 10E,<br \/>\n41058 M\u00f6nchengladbach\n\t\t\t\t<a href=\"http:\/\/staging.renovatio.de\/fr\/filiale-dahlener-str-69-77-41239-moenchengladbach\/\" target=\"_self\" itemprop=\"url\" rel=\"noopener noreferrer\">\n\t\t\t\t<img loading=\"lazy\" src=\"http:\/\/staging.renovatio.de\/wp-content\/uploads\/2020\/08\/karten_dahlener_240.png\" alt=\"karten_dahlener_240\" itemprop=\"image\" height=\"243\" width=\"240\" title=\"karten_dahlener_240\" onerror=\"this.style.display='none'\"  \/>\n\t\t\t\t<\/a>\n\tDahlenerstra\u00dfe 69-77,<br \/>\n41239 M\u00f6nchengladbach-Rheydt\n\t\t\t\t<a href=\"http:\/\/staging.renovatio.de\/fr\/filiale-stresemannstr-82-84-moenchengladbach\" target=\"_self\" itemprop=\"url\" rel=\"noopener noreferrer\">\n\t\t\t\t<img loading=\"lazy\" src=\"http:\/\/staging.renovatio.de\/wp-content\/uploads\/2020\/08\/karte_stresemann_240.png\" alt=\"karte_stresemann_240\" itemprop=\"image\" height=\"243\" width=\"240\" title=\"karte_stresemann_240\" onerror=\"this.style.display='none'\"  \/>\n\t\t\t\t<\/a>\n\tStresemannstra\u00dfe 82-84,<br \/>\n41236 M\u00f6nchengladbach-Rheydt\n\t\t\t\t<a href=\"http:\/\/staging.renovatio.de\/fr\/filiale-suedwall-2-4-47798-krefeld\" target=\"_self\" itemprop=\"url\" rel=\"noopener noreferrer\">\n\t\t\t\t<img loading=\"lazy\" src=\"http:\/\/staging.renovatio.de\/wp-content\/uploads\/2020\/08\/karten_krefeld.png\" alt=\"karten_krefeld\" itemprop=\"image\" height=\"243\" width=\"240\" title=\"karten_krefeld\" onerror=\"this.style.display='none'\"  \/>\n\t\t\t\t<\/a>\n\tS\u00fcdwall 2-4,<br \/>\n47798 Krefeld\n\t\t\t\t<a href=\"http:\/\/staging.renovatio.de\/fr\/filiale-rathenaustr-9-41061-moenchengladbach\" target=\"_self\" itemprop=\"url\" rel=\"noopener noreferrer\">\n\t\t\t\t<img loading=\"lazy\" src=\"http:\/\/staging.renovatio.de\/wp-content\/uploads\/2020\/08\/karte_rathenau240.png\" alt=\"karte_rathenau240\" itemprop=\"image\" height=\"243\" width=\"240\" title=\"karte_rathenau240\" onerror=\"this.style.display='none'\"  \/>\n\t\t\t\t<\/a>\n\tRathenaustra\u00dfe 9,<br \/>\n41061 M\u00f6nchengladbach\n\t\t\t\t<a href=\"http:\/\/staging.renovatio.de\/fr\/filiale-luettelforster-str-2-41366-schwalmtal\" target=\"_self\" itemprop=\"url\" rel=\"noopener noreferrer\">\n\t\t\t\t<img loading=\"lazy\" src=\"http:\/\/staging.renovatio.de\/wp-content\/uploads\/2020\/08\/karte_schwalmtal240.png\" alt=\"karte_schwalmtal240\" itemprop=\"image\" height=\"243\" width=\"240\" title=\"karte_schwalmtal240\" onerror=\"this.style.display='none'\"  \/>\n\t\t\t\t<\/a>\n\tL\u00fcttelforsterstra\u00dfe 2<br \/>\n41366 Schwalmtal\n\t<h2>\n\t\t\t\tNews\n\t\t\t<\/h2>\n\t<h2>\n\t\t\t\tMehr \u00fcber Renovatio\n\t\t\t<\/h2>\n\t<ul>\n\t\t<li>\t\t\t\t\n\t\t<h3><a href=\"http:\/\/staging.renovatio.de\/fr\/spitzensport\" target=\"_self\" rel=\"noopener noreferrer\">\u00dcber Renovatio<\/a><\/h3><\/li><li>\t\t\t\t\n\t\t<h3><a href=\"http:\/\/staging.renovatio.de\/fr\/standorte\" target=\"_self\" rel=\"noopener noreferrer\">Unsere Standorte<\/a><\/h3><\/li>\t<\/ul>\n\t<ul>\n\t\t<li>\t\t\t\t\n\t\t<h3><a href=\"http:\/\/staging.renovatio.de\/fr\/produkte\" target=\"_self\" rel=\"noopener noreferrer\">Unsere Produkte<\/a><\/h3><\/li><li>\t\t\t\t\n\t\t<h3><a href=\"http:\/\/staging.renovatio.de\/fr\/unsere-serviceangebote\" target=\"_self\" rel=\"noopener noreferrer\">Unsere Services<\/a><\/h3><\/li>\t<\/ul>\n\t<ul>\n\t\t<li>\t\t\t\t\n\t\t<h3><a href=\"http:\/\/staging.renovatio.de\/fr\/news\" target=\"_self\" rel=\"noopener noreferrer\">Unsere News<\/a><\/h3><\/li><li>\t\t\t\t\n\t\t<h3><a href=\"http:\/\/staging.renovatio.de\/fr\/kontakt\" target=\"_self\" rel=\"noopener noreferrer\">Kontakt<\/a><\/h3><\/li>\t<\/ul>","protected":false},"excerpt":{"rendered":"<p>Let Me Help You Overshoot Your Goals in the Right Ways.\u200b Proin Gravida Nibh Vel Velit Auctor Aliquet Aenean Sollicitudin, Lorem Quis Bibendum. Start Now Read More As Featured In:\u200b What I do\u200b Proin gravida nibh vel velit auctor aliquet aenean sollicitudin, lorem quis bibendum auctor nisi elit consequat ipsum. I Coach Lorem ipsum dolor &hellip;<\/p>\n<p class=\"read-more\"> <a class=\"\" href=\"https:\/\/websitedemos.net\/motivational-speaker-03\/\"> <span class=\"screen-reader-text\">Home<\/span> Read More &raquo;<\/a><\/p>","protected":false},"author":1,"featured_media":0,"parent":0,"menu_order":0,"comment_status":"closed","ping_status":"closed","template":"","meta":[],"yoast_head":"<!-- This site is optimized with the Yoast SEO plugin v14.9 - https:\/\/yoast.com\/wordpress\/plugins\/seo\/ -->\n<title>Home - Renovatio<\/title>\n<meta name=\"robots\" content=\"index, follow, max-snippet:-1, max-image-preview:large, max-video-preview:-1\" \/>\n<link rel=\"canonical\" href=\"http:\/\/staging.renovatio.de\/fr\/\" \/>\n<meta property=\"og:locale\" content=\"fr_FR\" \/>\n<meta property=\"og:type\" content=\"article\" \/>\n<meta property=\"og:title\" content=\"Home - Renovatio\" \/>\n<meta property=\"og:description\" content=\"Let Me Help You Overshoot Your Goals in the Right Ways.\u200b Proin Gravida Nibh Vel Velit Auctor Aliquet Aenean Sollicitudin, Lorem Quis Bibendum. Start Now Read More As Featured In:\u200b What I do\u200b Proin gravida nibh vel velit auctor aliquet aenean sollicitudin, lorem quis bibendum auctor nisi elit consequat ipsum. I Coach Lorem ipsum dolor &hellip;  Home Read More &raquo;\" \/>\n<meta property=\"og:url\" content=\"http:\/\/staging.renovatio.de\/fr\/\" \/>\n<meta property=\"og:site_name\" content=\"Renovatio\" \/>\n<meta property=\"article:modified_time\" content=\"2020-09-08T11:31:33+00:00\" \/>\n<meta property=\"og:image\" content=\"http:\/\/staging.renovatio.de\/wp-content\/uploads\/2020\/08\/Ortopadie.jpg\" \/>\n<meta name=\"twitter:card\" content=\"summary_large_image\" \/>\n<script type=\"application\/ld+json\" class=\"yoast-schema-graph\">{\"@context\":\"https:\/\/schema.org\",\"@graph\":[{\"@type\":\"Organization\",\"@id\":\"http:\/\/staging.renovatio.de\/fr\/#organization\",\"name\":\"Sanit\\u00e4tshaus Renovation GmbH\",\"url\":\"http:\/\/staging.renovatio.de\/fr\/\",\"sameAs\":[],\"logo\":{\"@type\":\"ImageObject\",\"@id\":\"http:\/\/staging.renovatio.de\/fr\/#logo\",\"inLanguage\":\"fr-FR\",\"url\":\"http:\/\/staging.renovatio.de\/wp-content\/uploads\/2020\/08\/logo_renovatio.png\",\"width\":517,\"height\":272,\"caption\":\"Sanit\\u00e4tshaus Renovation GmbH\"},\"image\":{\"@id\":\"http:\/\/staging.renovatio.de\/fr\/#logo\"}},{\"@type\":\"WebSite\",\"@id\":\"http:\/\/staging.renovatio.de\/fr\/#website\",\"url\":\"http:\/\/staging.renovatio.de\/fr\/\",\"name\":\"Renovatio\",\"description\":\"Sanit\\u00e4tshaus in M\\u00f6nchengladbach\",\"publisher\":{\"@id\":\"http:\/\/staging.renovatio.de\/fr\/#organization\"},\"potentialAction\":[{\"@type\":\"SearchAction\",\"target\":\"http:\/\/staging.renovatio.de\/fr\/?s={search_term_string}\",\"query-input\":\"required name=search_term_string\"}],\"inLanguage\":\"fr-FR\"},{\"@type\":\"ImageObject\",\"@id\":\"http:\/\/staging.renovatio.de\/#primaryimage\",\"inLanguage\":\"fr-FR\",\"url\":\"http:\/\/staging.renovatio.de\/wp-content\/uploads\/2020\/08\/Ortopadie.jpg\",\"width\":666,\"height\":240},{\"@type\":\"WebPage\",\"@id\":\"http:\/\/staging.renovatio.de\/#webpage\",\"url\":\"http:\/\/staging.renovatio.de\/\",\"name\":\"Home - Renovatio\",\"isPartOf\":{\"@id\":\"http:\/\/staging.renovatio.de\/fr\/#website\"},\"primaryImageOfPage\":{\"@id\":\"http:\/\/staging.renovatio.de\/#primaryimage\"},\"datePublished\":\"2020-08-23T12:17:24+00:00\",\"dateModified\":\"2020-09-08T11:31:33+00:00\",\"inLanguage\":\"fr-FR\",\"potentialAction\":[{\"@type\":\"ReadAction\",\"target\":[\"http:\/\/staging.renovatio.de\/\"]}]}]}<\/script>\n<!-- \/ Yoast SEO plugin. -->","_links":{"self":[{"href":"http:\/\/staging.renovatio.de\/fr\/wp-json\/wp\/v2\/pages\/30"}],"collection":[{"href":"http:\/\/staging.renovatio.de\/fr\/wp-json\/wp\/v2\/pages"}],"about":[{"href":"http:\/\/staging.renovatio.de\/fr\/wp-json\/wp\/v2\/types\/page"}],"author":[{"embeddable":true,"href":"http:\/\/staging.renovatio.de\/fr\/wp-json\/wp\/v2\/users\/1"}],"replies":[{"embeddable":true,"href":"http:\/\/staging.renovatio.de\/fr\/wp-json\/wp\/v2\/comments?post=30"}],"version-history":[{"count":123,"href":"http:\/\/staging.renovatio.de\/fr\/wp-json\/wp\/v2\/pages\/30\/revisions"}],"predecessor-version":[{"id":1483,"href":"http:\/\/staging.renovatio.de\/fr\/wp-json\/wp\/v2\/pages\/30\/revisions\/1483"}],"wp:attachment":[{"href":"http:\/\/staging.renovatio.de\/fr\/wp-json\/wp\/v2\/media?parent=30"}],"curies":[{"name":"wp","href":"https:\/\/api.w.org\/{rel}","templated":true}]}}